{"id":1918,"date":"2022-11-02T15:00:56","date_gmt":"2022-11-02T15:00:56","guid":{"rendered":"https:\/\/scl-intl.com\/career\/automaticien\/"},"modified":"2022-12-14T11:22:26","modified_gmt":"2022-12-14T11:22:26","slug":"automation-engineer","status":"publish","type":"page","link":"https:\/\/scl-intl.com\/en\/career\/automation-engineer\/","title":{"rendered":"Automation engineer"},"content":{"rendered":"","protected":false},"excerpt":{"rendered":"<p>L&#8217;Automaticien contribue \u00e0 la r\u00e9alisation de projets dans le respect des d\u00e9lais, des co\u00fbts et de la qualit\u00e9 tout en garantissant la r\u00e9alisation technique dans son domaine.<br \/>\nDans ce cadre, ses principales missions sont les suivantes:<br \/>\n&#8211; Collaborer aux analyses fonctionnelles et organiques avec le Chef de Projet et le BE \u00e9lectrique<br \/>\n&#8211; D\u00e9velopper le programme en suivant les analyses, les r\u00e8gles de programmation<br \/>\n&#8211; Int\u00e9grer les diff\u00e9rents \u00e9quipements<br \/>\n&#8211; Valider les fonctionnalit\u00e9s de l&#8217;application en simulation<br \/>\n&#8211; Participer aux tests dans l&#8217;atelier<br \/>\nInteraction avec le BE \u00e9lectrique, le Chef de Projet et l&#8217;atelier.<br \/>\nPossibilit\u00e9s de d\u00e9placements chez les clients en France et \u00e0 l&#8217;\u00e9tranger pour intervenir sur des machines.<br \/>\nPratique de l&#8217;anglais courant.<\/p>\n","protected":false},"author":1,"featured_media":1808,"parent":1001,"menu_order":0,"comment_status":"closed","ping_status":"closed","template":"","meta":{"inline_featured_image":false},"acf":{"display_contact_block":true,"page_flexible_content":[{"acf_fc_layout":"contenu_texte_et_image","img_pos":"left","image_2_cols":1808,"content_2_cols":"<p>The Automation Engineer contributes to the realization of projects in the respect of deadlines, costs and quality while guaranteeing the technical realization in his field.<\/p>\n<p>In this context, its main missions are as follows:<\/p>\n<p>&#8211; Collaborate in functional and organic analyzes with the <a href=\"https:\/\/scl-intl.com\/en\/career\/chef-de-projet\/\">Project Manager<\/a> and the electrical BE<\/p>\n<p>&#8211; Develop the program by following the analyses, the programming rules<\/p>\n<p>&#8211; Integrate the different equipment<\/p>\n<p>&#8211; Validate the functionalities of the application in simulation<\/p>\n<p>&#8211; Participate in tests in the workshop<\/p>\n<p>Interaction with the electrical BE, the Project Manager and the workshop.<\/p>\n<p>Possibility of traveling to customers in France and abroad to work on machines.<\/p>\n<p>Practice fluent English.<\/p>\n"}],"display_top_page":false,"header_content":"<p>L&#8217;Automaticien contribue \u00e0 la r\u00e9alisation de projets dans le respect des d\u00e9lais, des co\u00fbts et de la qualit\u00e9 tout en garantissant la r\u00e9alisation technique dans son domaine.<\/p>\n<p>Dans ce cadre, ses principales missions sont les suivantes:<\/p>\n<p>&#8211; Collaborer aux analyses fonctionnelles et organiques avec le Chef de Projet et le BE \u00e9lectrique<\/p>\n<p>&#8211; D\u00e9velopper le programme en suivant les analyses, les r\u00e8gles de programmation<\/p>\n<p>&#8211; Int\u00e9grer les diff\u00e9rents \u00e9quipements<\/p>\n<p>&#8211; Valider les fonctionnalit\u00e9s de l&#8217;application en simulation<\/p>\n<p>&#8211; Participer aux tests dans l&#8217;atelier<\/p>\n<p>Interaction avec le BE \u00e9lectrique, le Chef de Projet et l&#8217;atelier.<\/p>\n<p>Possibilit\u00e9s de d\u00e9placements chez les clients en France et \u00e0 l&#8217;\u00e9tranger pour intervenir sur des machines.<\/p>\n<p>Pratique de l&#8217;anglais courant.<\/p>\n","header_bg":false},"yoast_head":"<!-- This site is optimized with the Yoast SEO plugin v19.13 - https:\/\/yoast.com\/wordpress\/plugins\/seo\/ -->\n<title>Automation engineer - SCL International<\/title>\n<meta name=\"description\" content=\"L&#039;Automaticien contribue \u00e0 la r\u00e9alisation de projets dans le respect des d\u00e9lais, des co\u00fbts et de la qualit\u00e9 tout en garantissant la r\u00e9alisation technique dans son domaine.  Dans ce cadre, ses principales missions sont les suivantes:  - Collaborer aux analyses fonctionnelles et organiques avec le Chef de Projet et le BE \u00e9lectrique  - D\u00e9velopper le programme en suivant les analyses, les r\u00e8gles de programmation  - Int\u00e9grer les diff\u00e9rents \u00e9quipements  - Valider les fonctionnalit\u00e9s de l&#039;application en simulation  - Participer aux tests dans l&#039;atelier  Interaction avec le BE \u00e9lectrique, le Chef de Projet et l&#039;atelier.  Possibilit\u00e9s de d\u00e9placements chez les clients en France et \u00e0 l&#039;\u00e9tranger pour intervenir sur des machines.  Pratique de l&#039;anglais courant.\" \/>\n<meta name=\"robots\" content=\"index, follow, max-snippet:-1, max-image-preview:large, max-video-preview:-1\" \/>\n<link rel=\"canonical\" href=\"https:\/\/scl-intl.com\/en\/career\/automation-engineer\/\" \/>\n<meta property=\"og:locale\" content=\"en_US\" \/>\n<meta property=\"og:type\" content=\"article\" \/>\n<meta property=\"og:title\" content=\"Automation engineer - SCL International\" \/>\n<meta property=\"og:description\" content=\"L&#039;Automaticien contribue \u00e0 la r\u00e9alisation de projets dans le respect des d\u00e9lais, des co\u00fbts et de la qualit\u00e9 tout en garantissant la r\u00e9alisation technique dans son domaine.  Dans ce cadre, ses principales missions sont les suivantes:  - Collaborer aux analyses fonctionnelles et organiques avec le Chef de Projet et le BE \u00e9lectrique  - D\u00e9velopper le programme en suivant les analyses, les r\u00e8gles de programmation  - Int\u00e9grer les diff\u00e9rents \u00e9quipements  - Valider les fonctionnalit\u00e9s de l&#039;application en simulation  - Participer aux tests dans l&#039;atelier  Interaction avec le BE \u00e9lectrique, le Chef de Projet et l&#039;atelier.  Possibilit\u00e9s de d\u00e9placements chez les clients en France et \u00e0 l&#039;\u00e9tranger pour intervenir sur des machines.  Pratique de l&#039;anglais courant.\" \/>\n<meta property=\"og:url\" content=\"https:\/\/scl-intl.com\/en\/career\/automation-engineer\/\" \/>\n<meta property=\"og:site_name\" content=\"SCL International\" \/>\n<meta property=\"article:modified_time\" content=\"2022-12-14T11:22:26+00:00\" \/>\n<meta property=\"og:image\" content=\"https:\/\/scl-intl.com\/app\/uploads\/2022\/12\/Automaticien-Carre-scaled.jpg\" \/>\n\t<meta property=\"og:image:width\" content=\"2548\" \/>\n\t<meta property=\"og:image:height\" content=\"2560\" \/>\n\t<meta property=\"og:image:type\" content=\"image\/jpeg\" \/>\n<meta name=\"twitter:card\" content=\"summary_large_image\" \/>\n<script type=\"application\/ld+json\" class=\"yoast-schema-graph\">{\"@context\":\"https:\/\/schema.org\",\"@graph\":[{\"@type\":\"WebPage\",\"@id\":\"https:\/\/scl-intl.com\/en\/career\/automation-engineer\/\",\"url\":\"https:\/\/scl-intl.com\/en\/career\/automation-engineer\/\",\"name\":\"Automation engineer - SCL International\",\"isPartOf\":{\"@id\":\"https:\/\/scl-intl.com\/en\/#website\"},\"datePublished\":\"2022-11-02T15:00:56+00:00\",\"dateModified\":\"2022-12-14T11:22:26+00:00\",\"description\":\"L'Automaticien contribue \u00e0 la r\u00e9alisation de projets dans le respect des d\u00e9lais, des co\u00fbts et de la qualit\u00e9 tout en garantissant la r\u00e9alisation technique dans son domaine. Dans ce cadre, ses principales missions sont les suivantes: - Collaborer aux analyses fonctionnelles et organiques avec le Chef de Projet et le BE \u00e9lectrique - D\u00e9velopper le programme en suivant les analyses, les r\u00e8gles de programmation - Int\u00e9grer les diff\u00e9rents \u00e9quipements - Valider les fonctionnalit\u00e9s de l'application en simulation - Participer aux tests dans l'atelier Interaction avec le BE \u00e9lectrique, le Chef de Projet et l'atelier. Possibilit\u00e9s de d\u00e9placements chez les clients en France et \u00e0 l'\u00e9tranger pour intervenir sur des machines. Pratique de l'anglais courant.\",\"breadcrumb\":{\"@id\":\"https:\/\/scl-intl.com\/en\/career\/automation-engineer\/#breadcrumb\"},\"inLanguage\":\"en-US\",\"potentialAction\":[{\"@type\":\"ReadAction\",\"target\":[\"https:\/\/scl-intl.com\/en\/career\/automation-engineer\/\"]}]},{\"@type\":\"BreadcrumbList\",\"@id\":\"https:\/\/scl-intl.com\/en\/career\/automation-engineer\/#breadcrumb\",\"itemListElement\":[{\"@type\":\"ListItem\",\"position\":1,\"name\":\"Accueil\",\"item\":\"https:\/\/scl-intl.com\/en\/\"},{\"@type\":\"ListItem\",\"position\":2,\"name\":\"Career\",\"item\":\"https:\/\/scl-intl.com\/en\/career\/\"},{\"@type\":\"ListItem\",\"position\":3,\"name\":\"Automation engineer\"}]},{\"@type\":\"WebSite\",\"@id\":\"https:\/\/scl-intl.com\/en\/#website\",\"url\":\"https:\/\/scl-intl.com\/en\/\",\"name\":\"SCL International\",\"description\":\"Hard coat leader\",\"publisher\":{\"@id\":\"https:\/\/scl-intl.com\/en\/#organization\"},\"potentialAction\":[{\"@type\":\"SearchAction\",\"target\":{\"@type\":\"EntryPoint\",\"urlTemplate\":\"https:\/\/scl-intl.com\/en\/?s={search_term_string}\"},\"query-input\":\"required name=search_term_string\"}],\"inLanguage\":\"en-US\"},{\"@type\":\"Organization\",\"@id\":\"https:\/\/scl-intl.com\/en\/#organization\",\"name\":\"SCL International\",\"url\":\"https:\/\/scl-intl.com\/en\/\",\"logo\":{\"@type\":\"ImageObject\",\"inLanguage\":\"en-US\",\"@id\":\"https:\/\/scl-intl.com\/en\/#\/schema\/logo\/image\/\",\"url\":\"https:\/\/scl-intl.com\/app\/uploads\/2022\/05\/logo-red.svg\",\"contentUrl\":\"https:\/\/scl-intl.com\/app\/uploads\/2022\/05\/logo-red.svg\",\"width\":121,\"height\":49,\"caption\":\"SCL International\"},\"image\":{\"@id\":\"https:\/\/scl-intl.com\/en\/#\/schema\/logo\/image\/\"}}]}<\/script>\n<!-- \/ Yoast SEO plugin. -->","yoast_head_json":{"title":"Automation engineer - SCL International","description":"L'Automaticien contribue \u00e0 la r\u00e9alisation de projets dans le respect des d\u00e9lais, des co\u00fbts et de la qualit\u00e9 tout en garantissant la r\u00e9alisation technique dans son domaine.  Dans ce cadre, ses principales missions sont les suivantes:  - Collaborer aux analyses fonctionnelles et organiques avec le Chef de Projet et le BE \u00e9lectrique  - D\u00e9velopper le programme en suivant les analyses, les r\u00e8gles de programmation  - Int\u00e9grer les diff\u00e9rents \u00e9quipements  - Valider les fonctionnalit\u00e9s de l'application en simulation  - Participer aux tests dans l'atelier  Interaction avec le BE \u00e9lectrique, le Chef de Projet et l'atelier.  Possibilit\u00e9s de d\u00e9placements chez les clients en France et \u00e0 l'\u00e9tranger pour intervenir sur des machines.  Pratique de l'anglais courant.","robots":{"index":"index","follow":"follow","max-snippet":"max-snippet:-1","max-image-preview":"max-image-preview:large","max-video-preview":"max-video-preview:-1"},"canonical":"https:\/\/scl-intl.com\/en\/career\/automation-engineer\/","og_locale":"en_US","og_type":"article","og_title":"Automation engineer - SCL International","og_description":"L'Automaticien contribue \u00e0 la r\u00e9alisation de projets dans le respect des d\u00e9lais, des co\u00fbts et de la qualit\u00e9 tout en garantissant la r\u00e9alisation technique dans son domaine.  Dans ce cadre, ses principales missions sont les suivantes:  - Collaborer aux analyses fonctionnelles et organiques avec le Chef de Projet et le BE \u00e9lectrique  - D\u00e9velopper le programme en suivant les analyses, les r\u00e8gles de programmation  - Int\u00e9grer les diff\u00e9rents \u00e9quipements  - Valider les fonctionnalit\u00e9s de l'application en simulation  - Participer aux tests dans l'atelier  Interaction avec le BE \u00e9lectrique, le Chef de Projet et l'atelier.  Possibilit\u00e9s de d\u00e9placements chez les clients en France et \u00e0 l'\u00e9tranger pour intervenir sur des machines.  Pratique de l'anglais courant.","og_url":"https:\/\/scl-intl.com\/en\/career\/automation-engineer\/","og_site_name":"SCL International","article_modified_time":"2022-12-14T11:22:26+00:00","og_image":[{"width":2548,"height":2560,"url":"https:\/\/scl-intl.com\/app\/uploads\/2022\/12\/Automaticien-Carre-scaled.jpg","type":"image\/jpeg"}],"twitter_card":"summary_large_image","schema":{"@context":"https:\/\/schema.org","@graph":[{"@type":"WebPage","@id":"https:\/\/scl-intl.com\/en\/career\/automation-engineer\/","url":"https:\/\/scl-intl.com\/en\/career\/automation-engineer\/","name":"Automation engineer - SCL International","isPartOf":{"@id":"https:\/\/scl-intl.com\/en\/#website"},"datePublished":"2022-11-02T15:00:56+00:00","dateModified":"2022-12-14T11:22:26+00:00","description":"L'Automaticien contribue \u00e0 la r\u00e9alisation de projets dans le respect des d\u00e9lais, des co\u00fbts et de la qualit\u00e9 tout en garantissant la r\u00e9alisation technique dans son domaine. Dans ce cadre, ses principales missions sont les suivantes: - Collaborer aux analyses fonctionnelles et organiques avec le Chef de Projet et le BE \u00e9lectrique - D\u00e9velopper le programme en suivant les analyses, les r\u00e8gles de programmation - Int\u00e9grer les diff\u00e9rents \u00e9quipements - Valider les fonctionnalit\u00e9s de l'application en simulation - Participer aux tests dans l'atelier Interaction avec le BE \u00e9lectrique, le Chef de Projet et l'atelier. Possibilit\u00e9s de d\u00e9placements chez les clients en France et \u00e0 l'\u00e9tranger pour intervenir sur des machines. Pratique de l'anglais courant.","breadcrumb":{"@id":"https:\/\/scl-intl.com\/en\/career\/automation-engineer\/#breadcrumb"},"inLanguage":"en-US","potentialAction":[{"@type":"ReadAction","target":["https:\/\/scl-intl.com\/en\/career\/automation-engineer\/"]}]},{"@type":"BreadcrumbList","@id":"https:\/\/scl-intl.com\/en\/career\/automation-engineer\/#breadcrumb","itemListElement":[{"@type":"ListItem","position":1,"name":"Accueil","item":"https:\/\/scl-intl.com\/en\/"},{"@type":"ListItem","position":2,"name":"Career","item":"https:\/\/scl-intl.com\/en\/career\/"},{"@type":"ListItem","position":3,"name":"Automation engineer"}]},{"@type":"WebSite","@id":"https:\/\/scl-intl.com\/en\/#website","url":"https:\/\/scl-intl.com\/en\/","name":"SCL International","description":"Hard coat leader","publisher":{"@id":"https:\/\/scl-intl.com\/en\/#organization"},"potentialAction":[{"@type":"SearchAction","target":{"@type":"EntryPoint","urlTemplate":"https:\/\/scl-intl.com\/en\/?s={search_term_string}"},"query-input":"required name=search_term_string"}],"inLanguage":"en-US"},{"@type":"Organization","@id":"https:\/\/scl-intl.com\/en\/#organization","name":"SCL International","url":"https:\/\/scl-intl.com\/en\/","logo":{"@type":"ImageObject","inLanguage":"en-US","@id":"https:\/\/scl-intl.com\/en\/#\/schema\/logo\/image\/","url":"https:\/\/scl-intl.com\/app\/uploads\/2022\/05\/logo-red.svg","contentUrl":"https:\/\/scl-intl.com\/app\/uploads\/2022\/05\/logo-red.svg","width":121,"height":49,"caption":"SCL International"},"image":{"@id":"https:\/\/scl-intl.com\/en\/#\/schema\/logo\/image\/"}}]}},"_links":{"self":[{"href":"https:\/\/scl-intl.com\/en\/wp-json\/wp\/v2\/pages\/1918"}],"collection":[{"href":"https:\/\/scl-intl.com\/en\/wp-json\/wp\/v2\/pages"}],"about":[{"href":"https:\/\/scl-intl.com\/en\/wp-json\/wp\/v2\/types\/page"}],"author":[{"embeddable":true,"href":"https:\/\/scl-intl.com\/en\/wp-json\/wp\/v2\/users\/1"}],"replies":[{"embeddable":true,"href":"https:\/\/scl-intl.com\/en\/wp-json\/wp\/v2\/comments?post=1918"}],"version-history":[{"count":2,"href":"https:\/\/scl-intl.com\/en\/wp-json\/wp\/v2\/pages\/1918\/revisions"}],"predecessor-version":[{"id":1925,"href":"https:\/\/scl-intl.com\/en\/wp-json\/wp\/v2\/pages\/1918\/revisions\/1925"}],"up":[{"embeddable":true,"href":"https:\/\/scl-intl.com\/en\/wp-json\/wp\/v2\/pages\/1001"}],"wp:featuredmedia":[{"embeddable":true,"href":"https:\/\/scl-intl.com\/en\/wp-json\/wp\/v2\/media\/1808"}],"wp:attachment":[{"href":"https:\/\/scl-intl.com\/en\/wp-json\/wp\/v2\/media?parent=1918"}],"curies":[{"name":"wp","href":"https:\/\/api.w.org\/{rel}","templated":true}]}}