{"id":1919,"date":"2022-11-02T14:59:24","date_gmt":"2022-11-02T14:59:24","guid":{"rendered":"https:\/\/scl-intl.com\/career\/chef-de-projet\/"},"modified":"2022-12-14T12:36:01","modified_gmt":"2022-12-14T12:36:01","slug":"project-manager","status":"publish","type":"page","link":"https:\/\/scl-intl.com\/en\/career\/project-manager\/","title":{"rendered":"Project manager"},"content":{"rendered":"","protected":false},"excerpt":{"rendered":"<p>Le Chef de Projet contribue \u00e0 l&#8217;aboutissement de projets de machines dans le respect des d\u00e9lais, des co\u00fbts et de la qualit\u00e9 tout en garantissant la r\u00e9alisation technique des machines dont il a la charge.<br \/>\nSes principales missions sont la r\u00e9alisation des sp\u00e9cifications fonctionnelles et techniques d\u00e9taill\u00e9es des machines, la planification des phases du projet, la conduite et la coordination des \u00e9tudes, le suivi du montage et des essais en atelier, l&#8217;installation et la mise en service chez les clients, la formation des utilisateurs.<br \/>\nInteraction avec le Bureau des M\u00e9thodes, le SAV et l&#8217;atelier.<br \/>\nPossibilit\u00e9s de d\u00e9placements chez les clients en France et \u00e0 l&#8217;\u00e9tranger pour installer des machines.<br \/>\nPratique de l&#8217;anglais courant.<\/p>\n","protected":false},"author":1,"featured_media":1810,"parent":1001,"menu_order":0,"comment_status":"closed","ping_status":"closed","template":"","meta":{"inline_featured_image":false},"acf":{"display_top_page":false,"header_bg":false,"header_content":"<p>Le Chef de Projet contribue \u00e0 l&#8217;aboutissement de projets de machines dans le respect des d\u00e9lais, des co\u00fbts et de la qualit\u00e9 tout en garantissant la r\u00e9alisation technique des machines dont il a la charge.<\/p>\n<p>Ses principales missions sont la r\u00e9alisation des sp\u00e9cifications fonctionnelles et techniques d\u00e9taill\u00e9es des machines, la planification des phases du projet, la conduite et la coordination des \u00e9tudes, le suivi du montage et des essais en atelier, l&#8217;installation et la mise en service chez les clients, la formation des utilisateurs.<\/p>\n<p>Interaction avec le Bureau des M\u00e9thodes, le SAV et l&#8217;atelier.<\/p>\n<p>Possibilit\u00e9s de d\u00e9placements chez les clients en France et \u00e0 l&#8217;\u00e9tranger pour installer des machines.<\/p>\n<p>Pratique de l&#8217;anglais courant.<\/p>\n","display_contact_block":true,"page_flexible_content":[{"acf_fc_layout":"contenu_texte_et_image","img_pos":"left","image_2_cols":1810,"content_2_cols":"<p>The Project Manager contributes to the completion of machine projects in compliance with deadlines, costs and quality while guaranteeing the technical realization of the machines for which he is responsible.<\/p>\n<p>Its main missions are the production of detailed functional and technical specifications of the machines, the planning of the project phases, the conduct and coordination of studies, the monitoring of assembly and workshop tests, the installation and commissioning at the customers, user training.<\/p>\n<p>Interaction with the Methods Office, the after-sales service and the workshop.<\/p>\n<p>Possibility of travel to customers in France and abroad to install machines.<\/p>\n<p>Practice fluent English.<\/p>\n"}]},"yoast_head":"<!-- This site is optimized with the Yoast SEO plugin v19.13 - https:\/\/yoast.com\/wordpress\/plugins\/seo\/ -->\n<title>Project manager - SCL International<\/title>\n<meta name=\"description\" content=\"Le Chef de Projet contribue \u00e0 l&#039;aboutissement de projets de machines dans le respect des d\u00e9lais, des co\u00fbts et de la qualit\u00e9 tout en garantissant la r\u00e9alisation technique des machines dont il a la charge.  Ses principales missions sont la r\u00e9alisation des sp\u00e9cifications fonctionnelles et techniques d\u00e9taill\u00e9es des machines, la planification des phases du projet, la conduite et la coordination des \u00e9tudes, le suivi du montage et des essais en atelier, l&#039;installation et la mise en service chez les clients, la formation des utilisateurs.  Interaction avec le Bureau des M\u00e9thodes, le SAV et l&#039;atelier.  Possibilit\u00e9s de d\u00e9placements chez les clients en France et \u00e0 l&#039;\u00e9tranger pour installer des machines.  Pratique de l&#039;anglais courant.\" \/>\n<meta name=\"robots\" content=\"index, follow, max-snippet:-1, max-image-preview:large, max-video-preview:-1\" \/>\n<link rel=\"canonical\" href=\"https:\/\/scl-intl.com\/en\/career\/project-manager\/\" \/>\n<meta property=\"og:locale\" content=\"en_US\" \/>\n<meta property=\"og:type\" content=\"article\" \/>\n<meta property=\"og:title\" content=\"Project manager - SCL International\" \/>\n<meta property=\"og:description\" content=\"Le Chef de Projet contribue \u00e0 l&#039;aboutissement de projets de machines dans le respect des d\u00e9lais, des co\u00fbts et de la qualit\u00e9 tout en garantissant la r\u00e9alisation technique des machines dont il a la charge.  Ses principales missions sont la r\u00e9alisation des sp\u00e9cifications fonctionnelles et techniques d\u00e9taill\u00e9es des machines, la planification des phases du projet, la conduite et la coordination des \u00e9tudes, le suivi du montage et des essais en atelier, l&#039;installation et la mise en service chez les clients, la formation des utilisateurs.  Interaction avec le Bureau des M\u00e9thodes, le SAV et l&#039;atelier.  Possibilit\u00e9s de d\u00e9placements chez les clients en France et \u00e0 l&#039;\u00e9tranger pour installer des machines.  Pratique de l&#039;anglais courant.\" \/>\n<meta property=\"og:url\" content=\"https:\/\/scl-intl.com\/en\/career\/project-manager\/\" \/>\n<meta property=\"og:site_name\" content=\"SCL International\" \/>\n<meta property=\"article:modified_time\" content=\"2022-12-14T12:36:01+00:00\" \/>\n<meta property=\"og:image\" content=\"https:\/\/scl-intl.com\/app\/uploads\/2022\/12\/Chef-de-Projet-Carre-scaled.jpg\" \/>\n\t<meta property=\"og:image:width\" content=\"2548\" \/>\n\t<meta property=\"og:image:height\" content=\"2560\" \/>\n\t<meta property=\"og:image:type\" content=\"image\/jpeg\" \/>\n<meta name=\"twitter:card\" content=\"summary_large_image\" \/>\n<script type=\"application\/ld+json\" class=\"yoast-schema-graph\">{\"@context\":\"https:\/\/schema.org\",\"@graph\":[{\"@type\":\"WebPage\",\"@id\":\"https:\/\/scl-intl.com\/en\/career\/project-manager\/\",\"url\":\"https:\/\/scl-intl.com\/en\/career\/project-manager\/\",\"name\":\"Project manager - SCL International\",\"isPartOf\":{\"@id\":\"https:\/\/scl-intl.com\/en\/#website\"},\"datePublished\":\"2022-11-02T14:59:24+00:00\",\"dateModified\":\"2022-12-14T12:36:01+00:00\",\"description\":\"Le Chef de Projet contribue \u00e0 l'aboutissement de projets de machines dans le respect des d\u00e9lais, des co\u00fbts et de la qualit\u00e9 tout en garantissant la r\u00e9alisation technique des machines dont il a la charge. Ses principales missions sont la r\u00e9alisation des sp\u00e9cifications fonctionnelles et techniques d\u00e9taill\u00e9es des machines, la planification des phases du projet, la conduite et la coordination des \u00e9tudes, le suivi du montage et des essais en atelier, l'installation et la mise en service chez les clients, la formation des utilisateurs. Interaction avec le Bureau des M\u00e9thodes, le SAV et l'atelier. Possibilit\u00e9s de d\u00e9placements chez les clients en France et \u00e0 l'\u00e9tranger pour installer des machines. Pratique de l'anglais courant.\",\"breadcrumb\":{\"@id\":\"https:\/\/scl-intl.com\/en\/career\/project-manager\/#breadcrumb\"},\"inLanguage\":\"en-US\",\"potentialAction\":[{\"@type\":\"ReadAction\",\"target\":[\"https:\/\/scl-intl.com\/en\/career\/project-manager\/\"]}]},{\"@type\":\"BreadcrumbList\",\"@id\":\"https:\/\/scl-intl.com\/en\/career\/project-manager\/#breadcrumb\",\"itemListElement\":[{\"@type\":\"ListItem\",\"position\":1,\"name\":\"Accueil\",\"item\":\"https:\/\/scl-intl.com\/en\/\"},{\"@type\":\"ListItem\",\"position\":2,\"name\":\"Career\",\"item\":\"https:\/\/scl-intl.com\/en\/career\/\"},{\"@type\":\"ListItem\",\"position\":3,\"name\":\"Project manager\"}]},{\"@type\":\"WebSite\",\"@id\":\"https:\/\/scl-intl.com\/en\/#website\",\"url\":\"https:\/\/scl-intl.com\/en\/\",\"name\":\"SCL International\",\"description\":\"Hard coat leader\",\"publisher\":{\"@id\":\"https:\/\/scl-intl.com\/en\/#organization\"},\"potentialAction\":[{\"@type\":\"SearchAction\",\"target\":{\"@type\":\"EntryPoint\",\"urlTemplate\":\"https:\/\/scl-intl.com\/en\/?s={search_term_string}\"},\"query-input\":\"required name=search_term_string\"}],\"inLanguage\":\"en-US\"},{\"@type\":\"Organization\",\"@id\":\"https:\/\/scl-intl.com\/en\/#organization\",\"name\":\"SCL International\",\"url\":\"https:\/\/scl-intl.com\/en\/\",\"logo\":{\"@type\":\"ImageObject\",\"inLanguage\":\"en-US\",\"@id\":\"https:\/\/scl-intl.com\/en\/#\/schema\/logo\/image\/\",\"url\":\"https:\/\/scl-intl.com\/app\/uploads\/2022\/05\/logo-red.svg\",\"contentUrl\":\"https:\/\/scl-intl.com\/app\/uploads\/2022\/05\/logo-red.svg\",\"width\":121,\"height\":49,\"caption\":\"SCL International\"},\"image\":{\"@id\":\"https:\/\/scl-intl.com\/en\/#\/schema\/logo\/image\/\"}}]}<\/script>\n<!-- \/ Yoast SEO plugin. -->","yoast_head_json":{"title":"Project manager - SCL International","description":"Le Chef de Projet contribue \u00e0 l'aboutissement de projets de machines dans le respect des d\u00e9lais, des co\u00fbts et de la qualit\u00e9 tout en garantissant la r\u00e9alisation technique des machines dont il a la charge.  Ses principales missions sont la r\u00e9alisation des sp\u00e9cifications fonctionnelles et techniques d\u00e9taill\u00e9es des machines, la planification des phases du projet, la conduite et la coordination des \u00e9tudes, le suivi du montage et des essais en atelier, l'installation et la mise en service chez les clients, la formation des utilisateurs.  Interaction avec le Bureau des M\u00e9thodes, le SAV et l'atelier.  Possibilit\u00e9s de d\u00e9placements chez les clients en France et \u00e0 l'\u00e9tranger pour installer des machines.  Pratique de l'anglais courant.","robots":{"index":"index","follow":"follow","max-snippet":"max-snippet:-1","max-image-preview":"max-image-preview:large","max-video-preview":"max-video-preview:-1"},"canonical":"https:\/\/scl-intl.com\/en\/career\/project-manager\/","og_locale":"en_US","og_type":"article","og_title":"Project manager - SCL International","og_description":"Le Chef de Projet contribue \u00e0 l'aboutissement de projets de machines dans le respect des d\u00e9lais, des co\u00fbts et de la qualit\u00e9 tout en garantissant la r\u00e9alisation technique des machines dont il a la charge.  Ses principales missions sont la r\u00e9alisation des sp\u00e9cifications fonctionnelles et techniques d\u00e9taill\u00e9es des machines, la planification des phases du projet, la conduite et la coordination des \u00e9tudes, le suivi du montage et des essais en atelier, l'installation et la mise en service chez les clients, la formation des utilisateurs.  Interaction avec le Bureau des M\u00e9thodes, le SAV et l'atelier.  Possibilit\u00e9s de d\u00e9placements chez les clients en France et \u00e0 l'\u00e9tranger pour installer des machines.  Pratique de l'anglais courant.","og_url":"https:\/\/scl-intl.com\/en\/career\/project-manager\/","og_site_name":"SCL International","article_modified_time":"2022-12-14T12:36:01+00:00","og_image":[{"width":2548,"height":2560,"url":"https:\/\/scl-intl.com\/app\/uploads\/2022\/12\/Chef-de-Projet-Carre-scaled.jpg","type":"image\/jpeg"}],"twitter_card":"summary_large_image","schema":{"@context":"https:\/\/schema.org","@graph":[{"@type":"WebPage","@id":"https:\/\/scl-intl.com\/en\/career\/project-manager\/","url":"https:\/\/scl-intl.com\/en\/career\/project-manager\/","name":"Project manager - SCL International","isPartOf":{"@id":"https:\/\/scl-intl.com\/en\/#website"},"datePublished":"2022-11-02T14:59:24+00:00","dateModified":"2022-12-14T12:36:01+00:00","description":"Le Chef de Projet contribue \u00e0 l'aboutissement de projets de machines dans le respect des d\u00e9lais, des co\u00fbts et de la qualit\u00e9 tout en garantissant la r\u00e9alisation technique des machines dont il a la charge. Ses principales missions sont la r\u00e9alisation des sp\u00e9cifications fonctionnelles et techniques d\u00e9taill\u00e9es des machines, la planification des phases du projet, la conduite et la coordination des \u00e9tudes, le suivi du montage et des essais en atelier, l'installation et la mise en service chez les clients, la formation des utilisateurs. Interaction avec le Bureau des M\u00e9thodes, le SAV et l'atelier. Possibilit\u00e9s de d\u00e9placements chez les clients en France et \u00e0 l'\u00e9tranger pour installer des machines. Pratique de l'anglais courant.","breadcrumb":{"@id":"https:\/\/scl-intl.com\/en\/career\/project-manager\/#breadcrumb"},"inLanguage":"en-US","potentialAction":[{"@type":"ReadAction","target":["https:\/\/scl-intl.com\/en\/career\/project-manager\/"]}]},{"@type":"BreadcrumbList","@id":"https:\/\/scl-intl.com\/en\/career\/project-manager\/#breadcrumb","itemListElement":[{"@type":"ListItem","position":1,"name":"Accueil","item":"https:\/\/scl-intl.com\/en\/"},{"@type":"ListItem","position":2,"name":"Career","item":"https:\/\/scl-intl.com\/en\/career\/"},{"@type":"ListItem","position":3,"name":"Project manager"}]},{"@type":"WebSite","@id":"https:\/\/scl-intl.com\/en\/#website","url":"https:\/\/scl-intl.com\/en\/","name":"SCL International","description":"Hard coat leader","publisher":{"@id":"https:\/\/scl-intl.com\/en\/#organization"},"potentialAction":[{"@type":"SearchAction","target":{"@type":"EntryPoint","urlTemplate":"https:\/\/scl-intl.com\/en\/?s={search_term_string}"},"query-input":"required name=search_term_string"}],"inLanguage":"en-US"},{"@type":"Organization","@id":"https:\/\/scl-intl.com\/en\/#organization","name":"SCL International","url":"https:\/\/scl-intl.com\/en\/","logo":{"@type":"ImageObject","inLanguage":"en-US","@id":"https:\/\/scl-intl.com\/en\/#\/schema\/logo\/image\/","url":"https:\/\/scl-intl.com\/app\/uploads\/2022\/05\/logo-red.svg","contentUrl":"https:\/\/scl-intl.com\/app\/uploads\/2022\/05\/logo-red.svg","width":121,"height":49,"caption":"SCL International"},"image":{"@id":"https:\/\/scl-intl.com\/en\/#\/schema\/logo\/image\/"}}]}},"_links":{"self":[{"href":"https:\/\/scl-intl.com\/en\/wp-json\/wp\/v2\/pages\/1919"}],"collection":[{"href":"https:\/\/scl-intl.com\/en\/wp-json\/wp\/v2\/pages"}],"about":[{"href":"https:\/\/scl-intl.com\/en\/wp-json\/wp\/v2\/types\/page"}],"author":[{"embeddable":true,"href":"https:\/\/scl-intl.com\/en\/wp-json\/wp\/v2\/users\/1"}],"replies":[{"embeddable":true,"href":"https:\/\/scl-intl.com\/en\/wp-json\/wp\/v2\/comments?post=1919"}],"version-history":[{"count":2,"href":"https:\/\/scl-intl.com\/en\/wp-json\/wp\/v2\/pages\/1919\/revisions"}],"predecessor-version":[{"id":1928,"href":"https:\/\/scl-intl.com\/en\/wp-json\/wp\/v2\/pages\/1919\/revisions\/1928"}],"up":[{"embeddable":true,"href":"https:\/\/scl-intl.com\/en\/wp-json\/wp\/v2\/pages\/1001"}],"wp:featuredmedia":[{"embeddable":true,"href":"https:\/\/scl-intl.com\/en\/wp-json\/wp\/v2\/media\/1810"}],"wp:attachment":[{"href":"https:\/\/scl-intl.com\/en\/wp-json\/wp\/v2\/media?parent=1919"}],"curies":[{"name":"wp","href":"https:\/\/api.w.org\/{rel}","templated":true}]}}