{"id":1920,"date":"2022-11-02T14:59:46","date_gmt":"2022-11-02T14:59:46","guid":{"rendered":"https:\/\/scl-intl.com\/career\/dessinateur\/"},"modified":"2022-12-14T12:38:17","modified_gmt":"2022-12-14T12:38:17","slug":"industrial-designer","status":"publish","type":"page","link":"https:\/\/scl-intl.com\/en\/career\/industrial-designer\/","title":{"rendered":"Industrial designer"},"content":{"rendered":"","protected":false},"excerpt":{"rendered":"<p>Sous la responsabilit\u00e9 de notre Manager CAO, le dessinateur g\u00e8re les t\u00e2ches suivantes :<br \/>\n&#8211; Traitement des demandes de modifications provenant des M\u00e9thodes ou des Chefs de Projet<br \/>\n&#8211; R\u00e9alisation des mises en plans<br \/>\n&#8211; Conception de pi\u00e8ces et de petits assemblages<br \/>\n&#8211; Suivi des demandes de l&#8217;atelier durant les phases de montage<br \/>\n&#8211; R\u00e9alisation des plans d&#8217;implantation<br \/>\n&#8211; Participation \u00e0 la conception des nouvelles machines<br \/>\nInteraction avec le bureau des M\u00e9thodes, les Chefs de Projets et l&#8217;atelier<\/p>\n","protected":false},"author":1,"featured_media":1812,"parent":1001,"menu_order":0,"comment_status":"closed","ping_status":"closed","template":"","meta":{"inline_featured_image":false},"acf":{"page_flexible_content":[{"acf_fc_layout":"contenu_texte_et_image","img_pos":"left","image_2_cols":1812,"content_2_cols":"<p>Under the responsibility of our CAD Manager, the designer manages the following tasks:<\/p>\n<p>&#8211; Processing change requests from Methods or<a href=\"https:\/\/scl-intl.com\/en\/career\/project-manager\/\"> Project Managers<\/a><\/p>\n<p>&#8211; Realization of plans<\/p>\n<p>&#8211; Design of parts and small assemblies<\/p>\n<p>&#8211; Follow-up of workshop requests during the assembly phases<\/p>\n<p>&#8211; Creation of layout plans<\/p>\n<p>&#8211; Participation in the design of new machines<\/p>\n<p>Interaction with the Methods office, the Project Managers and the workshop<\/p>\n"}],"display_top_page":false,"header_bg":false,"header_content":"<p>Sous la responsabilit\u00e9 de notre Manager CAO, le dessinateur g\u00e8re les t\u00e2ches suivantes :<\/p>\n<p>&#8211; Traitement des demandes de modifications provenant des M\u00e9thodes ou des Chefs de Projet<\/p>\n<p>&#8211; R\u00e9alisation des mises en plans<\/p>\n<p>&#8211; Conception de pi\u00e8ces et de petits assemblages<\/p>\n<p>&#8211; Suivi des demandes de l&#8217;atelier durant les phases de montage<\/p>\n<p>&#8211; R\u00e9alisation des plans d&#8217;implantation<\/p>\n<p>&#8211; Participation \u00e0 la conception des nouvelles machines<\/p>\n<p>Interaction avec le bureau des M\u00e9thodes, les Chefs de Projets et l&#8217;atelier<\/p>\n","display_contact_block":true},"yoast_head":"<!-- This site is optimized with the Yoast SEO plugin v19.13 - https:\/\/yoast.com\/wordpress\/plugins\/seo\/ -->\n<title>Industrial designer - SCL International<\/title>\n<meta name=\"description\" content=\"Sous la responsabilit\u00e9 de notre Manager CAO, le dessinateur g\u00e8re les t\u00e2ches suivantes :  - Traitement des demandes de modifications provenant des M\u00e9thodes ou des Chefs de Projet  - R\u00e9alisation des mises en plans  - Conception de pi\u00e8ces et de petits assemblages  - Suivi des demandes de l&#039;atelier durant les phases de montage  - R\u00e9alisation des plans d&#039;implantation  - Participation \u00e0 la conception des nouvelles machines  Interaction avec le bureau des M\u00e9thodes, les Chefs de Projets et l&#039;atelier\" \/>\n<meta name=\"robots\" content=\"index, follow, max-snippet:-1, max-image-preview:large, max-video-preview:-1\" \/>\n<link rel=\"canonical\" href=\"https:\/\/scl-intl.com\/en\/career\/industrial-designer\/\" \/>\n<meta property=\"og:locale\" content=\"en_US\" \/>\n<meta property=\"og:type\" content=\"article\" \/>\n<meta property=\"og:title\" content=\"Industrial designer - SCL International\" \/>\n<meta property=\"og:description\" content=\"Sous la responsabilit\u00e9 de notre Manager CAO, le dessinateur g\u00e8re les t\u00e2ches suivantes :  - Traitement des demandes de modifications provenant des M\u00e9thodes ou des Chefs de Projet  - R\u00e9alisation des mises en plans  - Conception de pi\u00e8ces et de petits assemblages  - Suivi des demandes de l&#039;atelier durant les phases de montage  - R\u00e9alisation des plans d&#039;implantation  - Participation \u00e0 la conception des nouvelles machines  Interaction avec le bureau des M\u00e9thodes, les Chefs de Projets et l&#039;atelier\" \/>\n<meta property=\"og:url\" content=\"https:\/\/scl-intl.com\/en\/career\/industrial-designer\/\" \/>\n<meta property=\"og:site_name\" content=\"SCL International\" \/>\n<meta property=\"article:modified_time\" content=\"2022-12-14T12:38:17+00:00\" \/>\n<meta property=\"og:image\" content=\"https:\/\/scl-intl.com\/app\/uploads\/2022\/12\/Dessinateur-Carre-scaled.jpg\" \/>\n\t<meta property=\"og:image:width\" content=\"2548\" \/>\n\t<meta property=\"og:image:height\" content=\"2560\" \/>\n\t<meta property=\"og:image:type\" content=\"image\/jpeg\" \/>\n<meta name=\"twitter:card\" content=\"summary_large_image\" \/>\n<script type=\"application\/ld+json\" class=\"yoast-schema-graph\">{\"@context\":\"https:\/\/schema.org\",\"@graph\":[{\"@type\":\"WebPage\",\"@id\":\"https:\/\/scl-intl.com\/en\/career\/industrial-designer\/\",\"url\":\"https:\/\/scl-intl.com\/en\/career\/industrial-designer\/\",\"name\":\"Industrial designer - SCL International\",\"isPartOf\":{\"@id\":\"https:\/\/scl-intl.com\/en\/#website\"},\"datePublished\":\"2022-11-02T14:59:46+00:00\",\"dateModified\":\"2022-12-14T12:38:17+00:00\",\"description\":\"Sous la responsabilit\u00e9 de notre Manager CAO, le dessinateur g\u00e8re les t\u00e2ches suivantes : - Traitement des demandes de modifications provenant des M\u00e9thodes ou des Chefs de Projet - R\u00e9alisation des mises en plans - Conception de pi\u00e8ces et de petits assemblages - Suivi des demandes de l'atelier durant les phases de montage - R\u00e9alisation des plans d'implantation - Participation \u00e0 la conception des nouvelles machines Interaction avec le bureau des M\u00e9thodes, les Chefs de Projets et l'atelier\",\"breadcrumb\":{\"@id\":\"https:\/\/scl-intl.com\/en\/career\/industrial-designer\/#breadcrumb\"},\"inLanguage\":\"en-US\",\"potentialAction\":[{\"@type\":\"ReadAction\",\"target\":[\"https:\/\/scl-intl.com\/en\/career\/industrial-designer\/\"]}]},{\"@type\":\"BreadcrumbList\",\"@id\":\"https:\/\/scl-intl.com\/en\/career\/industrial-designer\/#breadcrumb\",\"itemListElement\":[{\"@type\":\"ListItem\",\"position\":1,\"name\":\"Accueil\",\"item\":\"https:\/\/scl-intl.com\/en\/\"},{\"@type\":\"ListItem\",\"position\":2,\"name\":\"Career\",\"item\":\"https:\/\/scl-intl.com\/en\/career\/\"},{\"@type\":\"ListItem\",\"position\":3,\"name\":\"Industrial designer\"}]},{\"@type\":\"WebSite\",\"@id\":\"https:\/\/scl-intl.com\/en\/#website\",\"url\":\"https:\/\/scl-intl.com\/en\/\",\"name\":\"SCL International\",\"description\":\"Hard coat leader\",\"publisher\":{\"@id\":\"https:\/\/scl-intl.com\/en\/#organization\"},\"potentialAction\":[{\"@type\":\"SearchAction\",\"target\":{\"@type\":\"EntryPoint\",\"urlTemplate\":\"https:\/\/scl-intl.com\/en\/?s={search_term_string}\"},\"query-input\":\"required name=search_term_string\"}],\"inLanguage\":\"en-US\"},{\"@type\":\"Organization\",\"@id\":\"https:\/\/scl-intl.com\/en\/#organization\",\"name\":\"SCL International\",\"url\":\"https:\/\/scl-intl.com\/en\/\",\"logo\":{\"@type\":\"ImageObject\",\"inLanguage\":\"en-US\",\"@id\":\"https:\/\/scl-intl.com\/en\/#\/schema\/logo\/image\/\",\"url\":\"https:\/\/scl-intl.com\/app\/uploads\/2022\/05\/logo-red.svg\",\"contentUrl\":\"https:\/\/scl-intl.com\/app\/uploads\/2022\/05\/logo-red.svg\",\"width\":121,\"height\":49,\"caption\":\"SCL International\"},\"image\":{\"@id\":\"https:\/\/scl-intl.com\/en\/#\/schema\/logo\/image\/\"}}]}<\/script>\n<!-- \/ Yoast SEO plugin. -->","yoast_head_json":{"title":"Industrial designer - SCL International","description":"Sous la responsabilit\u00e9 de notre Manager CAO, le dessinateur g\u00e8re les t\u00e2ches suivantes :  - Traitement des demandes de modifications provenant des M\u00e9thodes ou des Chefs de Projet  - R\u00e9alisation des mises en plans  - Conception de pi\u00e8ces et de petits assemblages  - Suivi des demandes de l'atelier durant les phases de montage  - R\u00e9alisation des plans d'implantation  - Participation \u00e0 la conception des nouvelles machines  Interaction avec le bureau des M\u00e9thodes, les Chefs de Projets et l'atelier","robots":{"index":"index","follow":"follow","max-snippet":"max-snippet:-1","max-image-preview":"max-image-preview:large","max-video-preview":"max-video-preview:-1"},"canonical":"https:\/\/scl-intl.com\/en\/career\/industrial-designer\/","og_locale":"en_US","og_type":"article","og_title":"Industrial designer - SCL International","og_description":"Sous la responsabilit\u00e9 de notre Manager CAO, le dessinateur g\u00e8re les t\u00e2ches suivantes :  - Traitement des demandes de modifications provenant des M\u00e9thodes ou des Chefs de Projet  - R\u00e9alisation des mises en plans  - Conception de pi\u00e8ces et de petits assemblages  - Suivi des demandes de l'atelier durant les phases de montage  - R\u00e9alisation des plans d'implantation  - Participation \u00e0 la conception des nouvelles machines  Interaction avec le bureau des M\u00e9thodes, les Chefs de Projets et l'atelier","og_url":"https:\/\/scl-intl.com\/en\/career\/industrial-designer\/","og_site_name":"SCL International","article_modified_time":"2022-12-14T12:38:17+00:00","og_image":[{"width":2548,"height":2560,"url":"https:\/\/scl-intl.com\/app\/uploads\/2022\/12\/Dessinateur-Carre-scaled.jpg","type":"image\/jpeg"}],"twitter_card":"summary_large_image","schema":{"@context":"https:\/\/schema.org","@graph":[{"@type":"WebPage","@id":"https:\/\/scl-intl.com\/en\/career\/industrial-designer\/","url":"https:\/\/scl-intl.com\/en\/career\/industrial-designer\/","name":"Industrial designer - SCL International","isPartOf":{"@id":"https:\/\/scl-intl.com\/en\/#website"},"datePublished":"2022-11-02T14:59:46+00:00","dateModified":"2022-12-14T12:38:17+00:00","description":"Sous la responsabilit\u00e9 de notre Manager CAO, le dessinateur g\u00e8re les t\u00e2ches suivantes : - Traitement des demandes de modifications provenant des M\u00e9thodes ou des Chefs de Projet - R\u00e9alisation des mises en plans - Conception de pi\u00e8ces et de petits assemblages - Suivi des demandes de l'atelier durant les phases de montage - R\u00e9alisation des plans d'implantation - Participation \u00e0 la conception des nouvelles machines Interaction avec le bureau des M\u00e9thodes, les Chefs de Projets et l'atelier","breadcrumb":{"@id":"https:\/\/scl-intl.com\/en\/career\/industrial-designer\/#breadcrumb"},"inLanguage":"en-US","potentialAction":[{"@type":"ReadAction","target":["https:\/\/scl-intl.com\/en\/career\/industrial-designer\/"]}]},{"@type":"BreadcrumbList","@id":"https:\/\/scl-intl.com\/en\/career\/industrial-designer\/#breadcrumb","itemListElement":[{"@type":"ListItem","position":1,"name":"Accueil","item":"https:\/\/scl-intl.com\/en\/"},{"@type":"ListItem","position":2,"name":"Career","item":"https:\/\/scl-intl.com\/en\/career\/"},{"@type":"ListItem","position":3,"name":"Industrial designer"}]},{"@type":"WebSite","@id":"https:\/\/scl-intl.com\/en\/#website","url":"https:\/\/scl-intl.com\/en\/","name":"SCL International","description":"Hard coat leader","publisher":{"@id":"https:\/\/scl-intl.com\/en\/#organization"},"potentialAction":[{"@type":"SearchAction","target":{"@type":"EntryPoint","urlTemplate":"https:\/\/scl-intl.com\/en\/?s={search_term_string}"},"query-input":"required name=search_term_string"}],"inLanguage":"en-US"},{"@type":"Organization","@id":"https:\/\/scl-intl.com\/en\/#organization","name":"SCL International","url":"https:\/\/scl-intl.com\/en\/","logo":{"@type":"ImageObject","inLanguage":"en-US","@id":"https:\/\/scl-intl.com\/en\/#\/schema\/logo\/image\/","url":"https:\/\/scl-intl.com\/app\/uploads\/2022\/05\/logo-red.svg","contentUrl":"https:\/\/scl-intl.com\/app\/uploads\/2022\/05\/logo-red.svg","width":121,"height":49,"caption":"SCL International"},"image":{"@id":"https:\/\/scl-intl.com\/en\/#\/schema\/logo\/image\/"}}]}},"_links":{"self":[{"href":"https:\/\/scl-intl.com\/en\/wp-json\/wp\/v2\/pages\/1920"}],"collection":[{"href":"https:\/\/scl-intl.com\/en\/wp-json\/wp\/v2\/pages"}],"about":[{"href":"https:\/\/scl-intl.com\/en\/wp-json\/wp\/v2\/types\/page"}],"author":[{"embeddable":true,"href":"https:\/\/scl-intl.com\/en\/wp-json\/wp\/v2\/users\/1"}],"replies":[{"embeddable":true,"href":"https:\/\/scl-intl.com\/en\/wp-json\/wp\/v2\/comments?post=1920"}],"version-history":[{"count":2,"href":"https:\/\/scl-intl.com\/en\/wp-json\/wp\/v2\/pages\/1920\/revisions"}],"predecessor-version":[{"id":1930,"href":"https:\/\/scl-intl.com\/en\/wp-json\/wp\/v2\/pages\/1920\/revisions\/1930"}],"up":[{"embeddable":true,"href":"https:\/\/scl-intl.com\/en\/wp-json\/wp\/v2\/pages\/1001"}],"wp:featuredmedia":[{"embeddable":true,"href":"https:\/\/scl-intl.com\/en\/wp-json\/wp\/v2\/media\/1812"}],"wp:attachment":[{"href":"https:\/\/scl-intl.com\/en\/wp-json\/wp\/v2\/media?parent=1920"}],"curies":[{"name":"wp","href":"https:\/\/api.w.org\/{rel}","templated":true}]}}