{"id":1923,"date":"2022-11-02T14:58:24","date_gmt":"2022-11-02T14:58:24","guid":{"rendered":"https:\/\/scl-intl.com\/career\/mecanicien-monteur\/"},"modified":"2022-12-14T12:39:42","modified_gmt":"2022-12-14T12:39:42","slug":"mechanic","status":"publish","type":"page","link":"https:\/\/scl-intl.com\/en\/career\/mechanic\/","title":{"rendered":"Mechanic"},"content":{"rendered":"","protected":false},"excerpt":{"rendered":"<p>Sous la responsabilit\u00e9 du chef d\u2019\u00e9quipe,\u00a0 le m\u00e9canicien-monteur assure les t\u00e2ches suivantes :<br \/>\n&#8211; Montage et d\u00e9montage (m\u00e9canique, tuyauterie, t\u00f4lerie, pneumatique)<br \/>\n&#8211; Lecture de plans<br \/>\n&#8211; Emballage machines<br \/>\n&#8211; Contr\u00f4le des p\u00e9riph\u00e9riques<br \/>\nPossibilit\u00e9s de d\u00e9placements chez les clients en France et \u00e0 l&#8217;\u00e9tranger pour des installations et des maintenances de machines.<\/p>\n","protected":false},"author":1,"featured_media":1804,"parent":1001,"menu_order":0,"comment_status":"closed","ping_status":"closed","template":"","meta":{"inline_featured_image":false},"acf":{"display_top_page":false,"header_bg":false,"header_content":"<p>Sous la responsabilit\u00e9 du chef d\u2019\u00e9quipe,\u00a0 le m\u00e9canicien-monteur assure les t\u00e2ches suivantes :<br \/>\n&#8211; Montage et d\u00e9montage (m\u00e9canique, tuyauterie, t\u00f4lerie, pneumatique)<br \/>\n&#8211; Lecture de plans<br \/>\n&#8211; Emballage machines<br \/>\n&#8211; Contr\u00f4le des p\u00e9riph\u00e9riques<\/p>\n<p>Possibilit\u00e9s de d\u00e9placements chez les clients en France et \u00e0 l&#8217;\u00e9tranger pour des installations et des maintenances de machines.<\/p>\n","display_contact_block":true,"page_flexible_content":[{"acf_fc_layout":"contenu_texte_et_image","img_pos":"left","image_2_cols":1804,"content_2_cols":"<p>Under the responsibility of the team leader, the mechanic-assembler performs the following tasks:<br \/>\n&#8211; Assembly and dismantling (mechanical, piping, sheet metal, pneumatics)<br \/>\n&#8211; Blueprint reading<br \/>\n&#8211; Packaging machinery<br \/>\n&#8211; Device control<\/p>\n<p>Possibility of travel to customers in France and abroad for installation and maintenance of machines.<\/p>\n"}]},"yoast_head":"<!-- This site is optimized with the Yoast SEO plugin v19.13 - https:\/\/yoast.com\/wordpress\/plugins\/seo\/ -->\n<title>Mechanic - SCL International<\/title>\n<meta name=\"description\" content=\"Sous la responsabilit\u00e9 du chef d\u2019\u00e9quipe,\u00a0 le m\u00e9canicien-monteur assure les t\u00e2ches suivantes : - Montage et d\u00e9montage (m\u00e9canique, tuyauterie, t\u00f4lerie, pneumatique) - Lecture de plans - Emballage machines - Contr\u00f4le des p\u00e9riph\u00e9riques  Possibilit\u00e9s de d\u00e9placements chez les clients en France et \u00e0 l&#039;\u00e9tranger pour des installations et des maintenances de machines.\" \/>\n<meta name=\"robots\" content=\"index, follow, max-snippet:-1, max-image-preview:large, max-video-preview:-1\" \/>\n<link rel=\"canonical\" href=\"https:\/\/scl-intl.com\/en\/career\/mechanic\/\" \/>\n<meta property=\"og:locale\" content=\"en_US\" \/>\n<meta property=\"og:type\" content=\"article\" \/>\n<meta property=\"og:title\" content=\"Mechanic - SCL International\" \/>\n<meta property=\"og:description\" content=\"Sous la responsabilit\u00e9 du chef d\u2019\u00e9quipe,\u00a0 le m\u00e9canicien-monteur assure les t\u00e2ches suivantes : - Montage et d\u00e9montage (m\u00e9canique, tuyauterie, t\u00f4lerie, pneumatique) - Lecture de plans - Emballage machines - Contr\u00f4le des p\u00e9riph\u00e9riques  Possibilit\u00e9s de d\u00e9placements chez les clients en France et \u00e0 l&#039;\u00e9tranger pour des installations et des maintenances de machines.\" \/>\n<meta property=\"og:url\" content=\"https:\/\/scl-intl.com\/en\/career\/mechanic\/\" \/>\n<meta property=\"og:site_name\" content=\"SCL International\" \/>\n<meta property=\"article:modified_time\" content=\"2022-12-14T12:39:42+00:00\" \/>\n<meta property=\"og:image\" content=\"https:\/\/scl-intl.com\/app\/uploads\/2022\/12\/Mecanicien-Monteur-Carre-scaled.jpg\" \/>\n\t<meta property=\"og:image:width\" content=\"2548\" \/>\n\t<meta property=\"og:image:height\" content=\"2560\" \/>\n\t<meta property=\"og:image:type\" content=\"image\/jpeg\" \/>\n<meta name=\"twitter:card\" content=\"summary_large_image\" \/>\n<script type=\"application\/ld+json\" class=\"yoast-schema-graph\">{\"@context\":\"https:\/\/schema.org\",\"@graph\":[{\"@type\":\"WebPage\",\"@id\":\"https:\/\/scl-intl.com\/en\/career\/mechanic\/\",\"url\":\"https:\/\/scl-intl.com\/en\/career\/mechanic\/\",\"name\":\"Mechanic - SCL International\",\"isPartOf\":{\"@id\":\"https:\/\/scl-intl.com\/en\/#website\"},\"datePublished\":\"2022-11-02T14:58:24+00:00\",\"dateModified\":\"2022-12-14T12:39:42+00:00\",\"description\":\"Sous la responsabilit\u00e9 du chef d\u2019\u00e9quipe,\u00a0 le m\u00e9canicien-monteur assure les t\u00e2ches suivantes : - Montage et d\u00e9montage (m\u00e9canique, tuyauterie, t\u00f4lerie, pneumatique) - Lecture de plans - Emballage machines - Contr\u00f4le des p\u00e9riph\u00e9riques Possibilit\u00e9s de d\u00e9placements chez les clients en France et \u00e0 l'\u00e9tranger pour des installations et des maintenances de machines.\",\"breadcrumb\":{\"@id\":\"https:\/\/scl-intl.com\/en\/career\/mechanic\/#breadcrumb\"},\"inLanguage\":\"en-US\",\"potentialAction\":[{\"@type\":\"ReadAction\",\"target\":[\"https:\/\/scl-intl.com\/en\/career\/mechanic\/\"]}]},{\"@type\":\"BreadcrumbList\",\"@id\":\"https:\/\/scl-intl.com\/en\/career\/mechanic\/#breadcrumb\",\"itemListElement\":[{\"@type\":\"ListItem\",\"position\":1,\"name\":\"Accueil\",\"item\":\"https:\/\/scl-intl.com\/en\/\"},{\"@type\":\"ListItem\",\"position\":2,\"name\":\"Career\",\"item\":\"https:\/\/scl-intl.com\/en\/career\/\"},{\"@type\":\"ListItem\",\"position\":3,\"name\":\"Mechanic\"}]},{\"@type\":\"WebSite\",\"@id\":\"https:\/\/scl-intl.com\/en\/#website\",\"url\":\"https:\/\/scl-intl.com\/en\/\",\"name\":\"SCL International\",\"description\":\"Hard coat leader\",\"publisher\":{\"@id\":\"https:\/\/scl-intl.com\/en\/#organization\"},\"potentialAction\":[{\"@type\":\"SearchAction\",\"target\":{\"@type\":\"EntryPoint\",\"urlTemplate\":\"https:\/\/scl-intl.com\/en\/?s={search_term_string}\"},\"query-input\":\"required name=search_term_string\"}],\"inLanguage\":\"en-US\"},{\"@type\":\"Organization\",\"@id\":\"https:\/\/scl-intl.com\/en\/#organization\",\"name\":\"SCL International\",\"url\":\"https:\/\/scl-intl.com\/en\/\",\"logo\":{\"@type\":\"ImageObject\",\"inLanguage\":\"en-US\",\"@id\":\"https:\/\/scl-intl.com\/en\/#\/schema\/logo\/image\/\",\"url\":\"https:\/\/scl-intl.com\/app\/uploads\/2022\/05\/logo-red.svg\",\"contentUrl\":\"https:\/\/scl-intl.com\/app\/uploads\/2022\/05\/logo-red.svg\",\"width\":121,\"height\":49,\"caption\":\"SCL International\"},\"image\":{\"@id\":\"https:\/\/scl-intl.com\/en\/#\/schema\/logo\/image\/\"}}]}<\/script>\n<!-- \/ Yoast SEO plugin. -->","yoast_head_json":{"title":"Mechanic - SCL International","description":"Sous la responsabilit\u00e9 du chef d\u2019\u00e9quipe,\u00a0 le m\u00e9canicien-monteur assure les t\u00e2ches suivantes : - Montage et d\u00e9montage (m\u00e9canique, tuyauterie, t\u00f4lerie, pneumatique) - Lecture de plans - Emballage machines - Contr\u00f4le des p\u00e9riph\u00e9riques  Possibilit\u00e9s de d\u00e9placements chez les clients en France et \u00e0 l'\u00e9tranger pour des installations et des maintenances de machines.","robots":{"index":"index","follow":"follow","max-snippet":"max-snippet:-1","max-image-preview":"max-image-preview:large","max-video-preview":"max-video-preview:-1"},"canonical":"https:\/\/scl-intl.com\/en\/career\/mechanic\/","og_locale":"en_US","og_type":"article","og_title":"Mechanic - SCL International","og_description":"Sous la responsabilit\u00e9 du chef d\u2019\u00e9quipe,\u00a0 le m\u00e9canicien-monteur assure les t\u00e2ches suivantes : - Montage et d\u00e9montage (m\u00e9canique, tuyauterie, t\u00f4lerie, pneumatique) - Lecture de plans - Emballage machines - Contr\u00f4le des p\u00e9riph\u00e9riques  Possibilit\u00e9s de d\u00e9placements chez les clients en France et \u00e0 l'\u00e9tranger pour des installations et des maintenances de machines.","og_url":"https:\/\/scl-intl.com\/en\/career\/mechanic\/","og_site_name":"SCL International","article_modified_time":"2022-12-14T12:39:42+00:00","og_image":[{"width":2548,"height":2560,"url":"https:\/\/scl-intl.com\/app\/uploads\/2022\/12\/Mecanicien-Monteur-Carre-scaled.jpg","type":"image\/jpeg"}],"twitter_card":"summary_large_image","schema":{"@context":"https:\/\/schema.org","@graph":[{"@type":"WebPage","@id":"https:\/\/scl-intl.com\/en\/career\/mechanic\/","url":"https:\/\/scl-intl.com\/en\/career\/mechanic\/","name":"Mechanic - SCL International","isPartOf":{"@id":"https:\/\/scl-intl.com\/en\/#website"},"datePublished":"2022-11-02T14:58:24+00:00","dateModified":"2022-12-14T12:39:42+00:00","description":"Sous la responsabilit\u00e9 du chef d\u2019\u00e9quipe,\u00a0 le m\u00e9canicien-monteur assure les t\u00e2ches suivantes : - Montage et d\u00e9montage (m\u00e9canique, tuyauterie, t\u00f4lerie, pneumatique) - Lecture de plans - Emballage machines - Contr\u00f4le des p\u00e9riph\u00e9riques Possibilit\u00e9s de d\u00e9placements chez les clients en France et \u00e0 l'\u00e9tranger pour des installations et des maintenances de machines.","breadcrumb":{"@id":"https:\/\/scl-intl.com\/en\/career\/mechanic\/#breadcrumb"},"inLanguage":"en-US","potentialAction":[{"@type":"ReadAction","target":["https:\/\/scl-intl.com\/en\/career\/mechanic\/"]}]},{"@type":"BreadcrumbList","@id":"https:\/\/scl-intl.com\/en\/career\/mechanic\/#breadcrumb","itemListElement":[{"@type":"ListItem","position":1,"name":"Accueil","item":"https:\/\/scl-intl.com\/en\/"},{"@type":"ListItem","position":2,"name":"Career","item":"https:\/\/scl-intl.com\/en\/career\/"},{"@type":"ListItem","position":3,"name":"Mechanic"}]},{"@type":"WebSite","@id":"https:\/\/scl-intl.com\/en\/#website","url":"https:\/\/scl-intl.com\/en\/","name":"SCL International","description":"Hard coat leader","publisher":{"@id":"https:\/\/scl-intl.com\/en\/#organization"},"potentialAction":[{"@type":"SearchAction","target":{"@type":"EntryPoint","urlTemplate":"https:\/\/scl-intl.com\/en\/?s={search_term_string}"},"query-input":"required name=search_term_string"}],"inLanguage":"en-US"},{"@type":"Organization","@id":"https:\/\/scl-intl.com\/en\/#organization","name":"SCL International","url":"https:\/\/scl-intl.com\/en\/","logo":{"@type":"ImageObject","inLanguage":"en-US","@id":"https:\/\/scl-intl.com\/en\/#\/schema\/logo\/image\/","url":"https:\/\/scl-intl.com\/app\/uploads\/2022\/05\/logo-red.svg","contentUrl":"https:\/\/scl-intl.com\/app\/uploads\/2022\/05\/logo-red.svg","width":121,"height":49,"caption":"SCL International"},"image":{"@id":"https:\/\/scl-intl.com\/en\/#\/schema\/logo\/image\/"}}]}},"_links":{"self":[{"href":"https:\/\/scl-intl.com\/en\/wp-json\/wp\/v2\/pages\/1923"}],"collection":[{"href":"https:\/\/scl-intl.com\/en\/wp-json\/wp\/v2\/pages"}],"about":[{"href":"https:\/\/scl-intl.com\/en\/wp-json\/wp\/v2\/types\/page"}],"author":[{"embeddable":true,"href":"https:\/\/scl-intl.com\/en\/wp-json\/wp\/v2\/users\/1"}],"replies":[{"embeddable":true,"href":"https:\/\/scl-intl.com\/en\/wp-json\/wp\/v2\/comments?post=1923"}],"version-history":[{"count":1,"href":"https:\/\/scl-intl.com\/en\/wp-json\/wp\/v2\/pages\/1923\/revisions"}],"predecessor-version":[{"id":1931,"href":"https:\/\/scl-intl.com\/en\/wp-json\/wp\/v2\/pages\/1923\/revisions\/1931"}],"up":[{"embeddable":true,"href":"https:\/\/scl-intl.com\/en\/wp-json\/wp\/v2\/pages\/1001"}],"wp:featuredmedia":[{"embeddable":true,"href":"https:\/\/scl-intl.com\/en\/wp-json\/wp\/v2\/media\/1804"}],"wp:attachment":[{"href":"https:\/\/scl-intl.com\/en\/wp-json\/wp\/v2\/media?parent=1923"}],"curies":[{"name":"wp","href":"https:\/\/api.w.org\/{rel}","templated":true}]}}